{"id":17,"date":"2017-11-15T13:21:26","date_gmt":"2017-11-15T13:21:26","guid":{"rendered":"http:\/\/cus.kufik.org\/?page_id=17"},"modified":"2025-11-28T10:04:19","modified_gmt":"2025-11-28T10:04:19","slug":"uvod","status":"publish","type":"page","link":"http:\/\/chomutov.cuscz.cz\/","title":{"rendered":"\u00davod"},"content":{"rendered":"<p>[vc_row css=&#8220;.vc_custom_1510757414201{padding-top: 70px !important;padding-bottom: 70px !important;}&#8220; el_id=&#8220;aktualnePage&#8220;][vc_column 0=&#8220;&#8220;][vc_column_text css_animation=&#8220;fadeIn&#8220;]<\/p>\n<h2 style=\"text-align: center;\">Aktu\u00e1ln\u011b<\/h2>\n<p>[\/vc_column_text][vc_row_inner 0=&#8220;&#8220;][vc_column_inner width=&#8220;1\/3&#8243;][vc_column_text css_animation=&#8220;bounceIn&#8220;]<\/p>\n<h4>\u010cesk\u00e1 unie sportu a jej\u00ed hlavn\u00ed posl\u00e1n\u00ed a \u010dinnosti.<br \/>\n\u010cUS a okresn\u00ed sdru\u017een\u00ed \u010cUS.<\/h4>\n<p>\u010casto se zapom\u00edn\u00e1, co je hlavn\u00edm posl\u00e1n\u00edm a prac\u00ed administrativy a provozu. Mnohdy to nen\u00ed vid\u011bt. Je dobr\u00e9 si \u010das od \u010dasu p\u0159ipomenout, \u017ee se v\u0161e nevytvo\u0159\u00ed samo.<\/p>\n<p><a href=\"https:\/\/www.youtube.com\/watch?v=svELV2J9-zw\" target=\"_blank\" rel=\"noopener\">Video zde<\/a>[\/vc_column_text][\/vc_column_inner][vc_column_inner width=&#8220;1\/3&#8243;][vc_column_text css_animation=&#8220;bounceIn&#8220;]<\/p>\n<h4>Projekt \u010cUS\u00a0 &#8222;Sportuj s n\u00e1mi&#8220; prob\u011bhne tak\u00e9 v roce 2026<\/h4>\n<div id=\"wrapper\">\n<div id=\"main\">\n<div class=\"content\">\n<div class=\"home\">\n<div class=\"module larticle\">\n<div id=\"article_detail\" class=\"article_detail\">\n<div class=\"article_text\">\n<p>C\u00edlem tohoto sportovn\u00edho projektu z\u016fst\u00e1v\u00e1 aktivn\u011bji zapojit \u0161irokou ve\u0159ejnost do sportovn\u00edch aktivit.<br \/>\nOrganiz\u00e1to\u0159i za\u0159azen\u00fdch akc\u00ed dost\u00e1vaj\u00ed podporu medi\u00e1ln\u00edch partner\u016f \u010cUS a finan\u010dn\u00ed p\u0159\u00edsp\u011bvek.<br \/>\nP\u0159ihla\u0161ov\u00e1n\u00ed akc\u00ed do projektu prob\u00edh\u00e1 op\u011bt p\u0159es elektronickou p\u0159ihl\u00e1\u0161ku.<\/p>\n<p><strong>P\u0159ihl\u00e1\u0161en\u00ed do projektu pro rok 2026 prob\u00edh\u00e1 v term\u00ednu 1.11.-<\/strong><strong>30.11.2025<\/strong>.<\/p>\n<p><a href=\"https:\/\/www.cus-sportujsnami.cz\/novinky\/\" target=\"_blank\" rel=\"noopener\">Novinky zde<\/a><\/p>\n<p><a href=\"https:\/\/www.youtube.com\/watch?v=Ad2kUf6MT60&amp;t=14s\" target=\"_blank\" rel=\"noopener\">Video k projektu<\/a><\/p>\n<\/div>\n<\/div>\n<\/div>\n<\/div>\n<\/div>\n<\/div>\n<\/div>\n<p>[\/vc_column_text][\/vc_column_inner][vc_column_inner width=&#8220;1\/3&#8243;][vc_column_text css_animation=&#8220;bounceIn&#8220;]<\/p>\n<h4>\u010cesk\u00e1 unie sportu intenzivn\u011b pom\u00e1h\u00e1 klub\u016fm se zaji\u0161t\u011bn\u00edm \u017e\u00e1dost\u00ed o dotace<\/h4>\n<p>V\u00a0r\u00e1mci programu <strong>M\u016fj klub 2026<\/strong>, kter\u00fd vypsala N\u00e1rodn\u00ed sportovn\u00ed agentura.<br \/>\nV\u00fdzva je zam\u011b\u0159ena na podporu SK a TJ, kter\u00e9 se v\u011bnuj\u00ed sportov\u00e1n\u00ed d\u011bt\u00ed a ml\u00e1de\u017ee <strong>od 4 do 19 let, <\/strong>kter\u00e9 <strong>pravideln\u011b a<\/strong> <strong>organizovan\u011b sportuj\u00ed.<\/strong><\/p>\n<p><strong>Zah\u00e1jen\u00ed <\/strong>p\u0159\u00edjmu \u017e\u00e1dost\u00ed:<strong> 10.12.2025 od 12:00 hod.<\/strong><br \/>\n<strong>Ukon\u010den\u00ed <\/strong>p\u0159\u00edjmu \u017e\u00e1dost\u00ed:<strong> 31.1.2026 do 12:00 hod.<\/strong><\/p>\n<p>V p\u0159\u00edpad\u011b dotaz\u016f n\u00e1s nev\u00e1hejte kontaktovat.<\/p>\n<p><a href=\"https:\/\/chomutov.cuscz.cz\/wp-content\/uploads\/2025\/11\/MK26-Kdo-muze-zadat.pdf\" target=\"_blank\" rel=\"noopener\">Kdo m\u016f\u017ee \u017e\u00e1dat<\/a><\/p>\n<p><a href=\"https:\/\/chomutov.cuscz.cz\/wp-content\/uploads\/2025\/11\/8_2026_Vyzva-MK26.pdf\" target=\"_blank\" rel=\"noopener\">Info k \u017e\u00e1dosti zde<\/a>[\/vc_column_text][\/vc_column_inner][\/vc_row_inner][vc_row_inner 0=&#8220;&#8220;][vc_column_inner width=&#8220;1\/3&#8243;][vc_column_text css_animation=&#8220;bounceIn&#8220;]<\/p>\n<h4>Nov\u00e9 \u00farazov\u00e9 poji\u0161t\u011bn\u00ed pro \u010dleny<\/h4>\n<p>\u010clenov\u00e9 (fyzick\u00e9 osoby) subjekt\u016f sdru\u017een\u00fdch v \u010cesk\u00e9 unii sportu, tedy \u010dlenov\u00e9 n\u00e1rodn\u00edch sportovn\u00edch svaz\u016f, sportovn\u00edch klub\u016f \/ t\u011blov\u00fdchovn\u00fdch jednot, okresn\u00edch sdru\u017een\u00ed a krajsk\u00fdch organizac\u00ed \u010cUS jsou od 1. 2. 2025 poji\u0161t\u011bny prost\u0159ednictv\u00edm nov\u00e9 poji\u0161\u0165ovny&#8230;<\/p>\n<p><a href=\"https:\/\/chomutov.cuscz.cz\/wp-content\/uploads\/2025\/05\/cov-pojisteni-od-1-02-25doplnkove-urazove-pojisteni.pdf\" target=\"_blank\" rel=\"noopener\">Info zde<\/a>[\/vc_column_text][vc_column_text css_animation=&#8220;bounceIn&#8220;]<\/p>\n<h4>\u010cesk\u00e1 unie sportu pom\u00e1h\u00e1 klub\u016fm s vy\u00fa\u010dtov\u00e1n\u00edm dotac\u00ed<\/h4>\n<p>Vy\u00fa\u010dtov\u00e1n\u00ed dotac\u00ed <strong>NSA <\/strong>i z rozpo\u010dt\u016f <strong>obc\u00ed a m\u011bst<\/strong>.[\/vc_column_text][\/vc_column_inner][vc_column_inner width=&#8220;1\/3&#8243;][vc_column_text css_animation=&#8220;bounceIn&#8220;]<\/p>\n<h4>Zdravotn\u00ed prohl\u00eddky a zp\u016fsobilost ke sportu<\/h4>\n<p>N\u011bkolik z\u00e1kladn\u00edch bod\u016f, kter\u00e9 by zejm\u00e9na rodi\u010de sportuj\u00edc\u00edch d\u011bt\u00ed, ale i klubov\u00ed funkcion\u00e1\u0159i, m\u011bli zn\u00e1t a dodr\u017eovat&#8230;<\/p>\n<p><a href=\"https:\/\/chomutov.cuscz.cz\/wp-content\/uploads\/2024\/06\/zdravotni-prohlidky-a-zpusobilost-ke-sportu.pdf\" target=\"_blank\" rel=\"noopener\">Ke sta\u017een\u00ed zde<\/a>[\/vc_column_text][vc_column_text css_animation=&#8220;bounceIn&#8220;]<\/p>\n<h4>Desatero pro rodi\u010de mal\u00fdch sportovc\u016f<\/h4>\n<p>1. Rodi\u010de dodr\u017euj\u00ed pravidlo 3P&#8230;<\/p>\n<p><a href=\"https:\/\/chomutov.cuscz.cz\/wp-content\/uploads\/2024\/03\/desatero-pro-rodice.pdf\" target=\"_blank\" rel=\"noopener\">Ke sta\u017een\u00ed zde<\/a>[\/vc_column_text][vc_column_text css_animation=&#8220;bounceIn&#8220;]<\/p>\n<h4>Sportovn\u00ed krou\u017eek, kter\u00fd m\u011bn\u00ed \u017eivoty d\u011bt\u00ed k lep\u0161\u00edmu<\/h4>\n<p>M\u016f\u017eeme p\u0159isp\u011bt k lep\u0161\u00edmu a zdrav\u011bj\u0161\u00edmu \u017eivotu d\u011bt\u00ed.<\/p>\n<p><a href=\"https:\/\/victorykids.cz\/\" target=\"_blank\" rel=\"noopener\">Info zde<\/a>[\/vc_column_text][\/vc_column_inner][vc_column_inner width=&#8220;1\/3&#8243;][vc_column_text css_animation=&#8220;bounceIn&#8220;]<\/p>\n<h4>NSA &#8211; v\u00fdzvy pro rok 2026<\/h4>\n<p>V\u00fdzva 1\/2026 Sportovn\u00ed organizace olympijsk\u00e9ho hnut\u00ed 2026<br \/>\nV\u00fdzva 2\/2026 Zast\u0159e\u0161uj\u00edc\u00ed sportovn\u00ed organizace 2026<br \/>\nV\u00fdzva 3\/2026 UNISPORT 2026<br \/>\nV\u00fdzva 4\/2026 V\u0161esportovn\u00ed organizace 2026<br \/>\nV\u00fdzva 5\/2026 Podpora organizac\u00ed svazov\u00e9ho charakteru 2026<br \/>\nV\u00fdzva 6\/2026 V\u00fdznamn\u00e9 sportovn\u00ed akce 2026<br \/>\nV\u00fdzva 7\/2026 V\u00fdznamn\u00e9 sportovn\u00ed akce mimo\u0159\u00e1dn\u00e9 d\u016fle\u017eitosti 2026<br \/>\nV\u00fdzva 8\/2026 M\u016fj klub 2026<br \/>\nV\u00fdzva 10\/2026 Podpora TJ\/SK ZPS 2026<br \/>\nV\u00fdzva 11\/2026 Sportovn\u00ed organizace paralympijsk\u00e9ho hnut\u00ed 2026<br \/>\nV\u00fdzva 12\/2026 Sportovn\u00ed akce mezin\u00e1rodn\u00edho v\u00fdznamu 2026<br \/>\nV\u00fdzva 13\/2026 Podpora sportovn\u00edch svaz\u016f \u2013 Parasport 2026<br \/>\nV\u00fdzva 14\/2026 Podpora sportovn\u00edch svaz\u016f \u2013 Handicap 2026<br \/>\nV\u00fdzva 15\/2026 Podpora hnut\u00ed SO a sportovc\u016f s Downov\u00fdm syndromem 2026<\/p>\n<h6>Pozn.: <em>Ve v\u0161ech dota\u010dn\u00edch v\u00fdzv\u00e1ch byla odstran\u011bna povinnost dolo\u017een\u00ed\u00a0 p\u0159\u00edlohy \u201cV\u00fdpis z evidence skute\u010dn\u00fdch majitel\u016f\u201d, tuto z\u00e1konnou povinnost zajist\u00ed u v\u0161ech \u017e\u00e1dost\u00ed Poskytovatel.<\/em><\/h6>\n<p>[\/vc_column_text][\/vc_column_inner][\/vc_row_inner][vc_btn title=&#8220;V\u00edce aktualit&#8220; style=&#8220;flat&#8220; shape=&#8220;square&#8220; color=&#8220;primary&#8220; align=&#8220;center&#8220; i_align=&#8220;right&#8220; i_icon_fontawesome=&#8220;fa fa-caret-right&#8220; css_animation=&#8220;bounceIn&#8220; add_icon=&#8220;true&#8220; link=&#8220;url:%2F%3Fpage_id%3D50|||&#8220;][\/vc_column][\/vc_row][vc_row full_width=&#8220;stretch_row&#8220; css=&#8220;.vc_custom_1512050383917{padding-top: 100px !important;padding-bottom: 100px !important;background-image: url(http:\/\/chomutov.cuscz.cz\/wp-content\/uploads\/2017\/11\/content_bg_01.jpg?id=23) !important;}&#8220; el_class=&#8220;whitePage&#8220;][vc_column width=&#8220;2\/3&#8243;][vc_column_text css_animation=&#8220;fadeIn&#8220;]<\/p>\n<h3>Pl\u00e1novan\u00e9 sportovn\u00ed<br \/>\nakce a z\u00e1vody<\/h3>\n<p>[\/vc_column_text][vc_column_text css_animation=&#8220;fadeIn&#8220;]Informace o sportovn\u00edch aktivit\u00e1ch, z\u00e1vodech a tr\u00e9ninc\u00edch v SK a TJ[\/vc_column_text][vc_btn title=&#8220;P\u0159ej\u00edt na kalend\u00e1\u0159 akc\u00ed&#8220; style=&#8220;flat&#8220; shape=&#8220;square&#8220; color=&#8220;white&#8220; align=&#8220;left&#8220; i_align=&#8220;right&#8220; i_icon_fontawesome=&#8220;fa fa-caret-right&#8220; css_animation=&#8220;bounceIn&#8220; add_icon=&#8220;true&#8220; link=&#8220;url:%2F%3Fpage_id%3D69|||&#8220;][\/vc_column][vc_column width=&#8220;1\/3&#8243;][\/vc_column][\/vc_row][vc_row full_width=&#8220;stretch_row&#8220; css=&#8220;.vc_custom_1510755927429{padding-top: 80px !important;padding-bottom: 80px !important;background-color: #f4f4f4 !important;}&#8220;][vc_column width=&#8220;1\/6&#8243;][\/vc_column][vc_column width=&#8220;2\/3&#8243;][vc_column_text css_animation=&#8220;fadeIn&#8220;]<\/p>\n<h2 style=\"text-align: center;\">Co v\u0161e Chomutovsk\u00e1<br \/>\nsportovn\u00ed unie zaji\u0161\u0165uje<\/h2>\n<p>[\/vc_column_text][vc_column_text css_animation=&#8220;bounceIn&#8220;]<\/p>\n<p style=\"text-align: center;\">Chomutovsk\u00e1 sportovn\u00ed unie je dobrovoln\u00fdm sdru\u017een\u00edm SK a TJ se s\u00eddlem na \u00fazem\u00ed okresu Chomutov. Pln\u00ed roli Servisn\u00edho centra sportu \u010cUS. Zaji\u0161\u0165uje odborn\u00fd servis a vytv\u00e1\u0159\u00ed pot\u0159ebn\u00e9 podm\u00ednky pro SK a TJ a okresn\u00ed sportovn\u00ed svazy, kter\u00e9 v okrese organizuj\u00ed z\u00e1kladn\u00ed sportovn\u00ed sout\u011b\u017ee pro ml\u00e1de\u017e a dosp\u011bl\u00e9. Poskytuje poradenstv\u00ed a servis v ekonomick\u00fdch a ostatn\u00edch \u010dinnostech SK a TJ &#8211; \u00fa\u010detnictv\u00ed, legislativa, \u017e\u00e1dosti a vy\u00fa\u010dtov\u00e1n\u00ed st\u00e1tn\u00edch prost\u0159edk\u016f z vybran\u00fdch program\u016f NSA.<br \/>\nM\u00e1te-li z\u00e1jem na spolupr\u00e1ci, nebo se chcete st\u00e1t <a href=\"https:\/\/iscus.cz\/web\/sportovni-subjekty\/?name=&amp;ic=&amp;region=3503&amp;city=&amp;sport=&amp;association=&amp;role=&amp;ageFrom=&amp;ageTo=&amp;sex=&amp;appbundle_functionary%5B_token%5D=iXbw88w7EGJt4MyvqiBrEk-kp7eXv-4RArwVd3qXUL0&amp;is_map_active=0\" target=\"_blank\" rel=\"noopener\">aktivn\u00edmi \u010dleny<\/a>, kontaktujte n\u00e1s.<\/p>\n<p>[\/vc_column_text][vc_btn title=&#8220;Person\u00e1ln\u00ed obsazen\u00ed&#8220; style=&#8220;flat&#8220; shape=&#8220;square&#8220; color=&#8220;primary&#8220; align=&#8220;center&#8220; i_align=&#8220;right&#8220; i_icon_fontawesome=&#8220;fa fa-caret-right&#8220; css_animation=&#8220;bounceIn&#8220; add_icon=&#8220;true&#8220; link=&#8220;url:%2F%3Fpage_id%3D57|||&#8220;][vc_single_image image=&#8220;33&#8243; img_size=&#8220;full&#8220; alignment=&#8220;center&#8220; css_animation=&#8220;bounceIn&#8220;][\/vc_column][vc_column width=&#8220;1\/6&#8243;][\/vc_column][\/vc_row]<\/p>\n","protected":false},"excerpt":{"rendered":"<p>[vc_row css=&#8220;.vc_custom_1510757414201{padding-top: 70px !important;padding-bottom: 70px !important;}&#8220; el_id=&#8220;aktualnePage&#8220;][vc_column 0=&#8220;&#8220;][vc_column_text css_animation=&#8220;fadeIn&#8220;] Aktu\u00e1ln\u011b [\/vc_column_text][vc_row_inner 0=&#8220;&#8220;][vc_column_inner width=&#8220;1\/3&#8243;][vc_column_text css_animation=&#8220;bounceIn&#8220;] \u010cesk\u00e1 unie sportu a jej\u00ed hlavn\u00ed posl\u00e1n\u00ed a \u010dinnosti. \u010cUS a okresn\u00ed<span class=\"excerpt-hellip\"> [\u2026]<\/span><\/p>\n","protected":false},"author":1,"featured_media":0,"parent":0,"menu_order":0,"comment_status":"closed","ping_status":"closed","template":"","meta":[],"_links":{"self":[{"href":"http:\/\/chomutov.cuscz.cz\/index.php?rest_route=\/wp\/v2\/pages\/17"}],"collection":[{"href":"http:\/\/chomutov.cuscz.cz\/index.php?rest_route=\/wp\/v2\/pages"}],"about":[{"href":"http:\/\/chomutov.cuscz.cz\/index.php?rest_route=\/wp\/v2\/types\/page"}],"author":[{"embeddable":true,"href":"http:\/\/chomutov.cuscz.cz\/index.php?rest_route=\/wp\/v2\/users\/1"}],"replies":[{"embeddable":true,"href":"http:\/\/chomutov.cuscz.cz\/index.php?rest_route=%2Fwp%2Fv2%2Fcomments&post=17"}],"version-history":[{"count":213,"href":"http:\/\/chomutov.cuscz.cz\/index.php?rest_route=\/wp\/v2\/pages\/17\/revisions"}],"predecessor-version":[{"id":729,"href":"http:\/\/chomutov.cuscz.cz\/index.php?rest_route=\/wp\/v2\/pages\/17\/revisions\/729"}],"wp:attachment":[{"href":"http:\/\/chomutov.cuscz.cz\/index.php?rest_route=%2Fwp%2Fv2%2Fmedia&parent=17"}],"curies":[{"name":"wp","href":"https:\/\/api.w.org\/{rel}","templated":true}]}}