{"id":50,"date":"2017-11-17T09:34:00","date_gmt":"2017-11-17T09:34:00","guid":{"rendered":"http:\/\/cus.kufik.org\/?page_id=50"},"modified":"2024-02-27T12:14:47","modified_gmt":"2024-02-27T12:14:47","slug":"aktualne","status":"publish","type":"page","link":"http:\/\/chomutov.cuscz.cz\/?page_id=50","title":{"rendered":"Aktu\u00e1ln\u011b"},"content":{"rendered":"<p>[vc_row 0=&#8220;&#8220;][vc_column width=&#8220;1\/2&#8243;][vc_column_text 0=&#8220;&#8220;]<strong>Archiv Novinek<br \/>\n<\/strong><a href=\"https:\/\/www.cuscz.cz\/novinky.html\" target=\"_blank\" rel=\"noopener\">Zde<\/a><\/p>\n<p><strong>Sportovn\u00ed centrum Nymburk<\/strong><br \/>\n<a href=\"http:\/\/www.scnb.cz\/kontakt\" target=\"_blank\" rel=\"noopener\">Sportovn\u00ed a firemn\u00ed pobyty<\/a><\/p>\n<p><strong>Vy\u0161\u0161\u00ed odborn\u00e1 \u0161kola \u010cesk\u00e9 unie sportu s.r.o.<br \/>\n<\/strong><a href=\"https:\/\/vos-cus.cz\/\" target=\"_blank\" rel=\"noopener\">vos-cus.cz<\/a><\/p>\n<p>&nbsp;<\/p>\n<p><strong>Dotace NSA<\/strong><br \/>\n<a href=\"https:\/\/agenturasport.cz\/dotace-neinvesticni\/\" target=\"_blank\" rel=\"noopener\">agenturasport.cz<\/a><\/p>\n<p><strong>Dotace kraje<\/strong><br \/>\n<a href=\"http:\/\/www.kr-ustecky.cz\/skolstvi-mladez-a-telovychova\/ds-99605\/p1=204744\" target=\"_blank\" rel=\"noopener\">kr-ustecky.cz<\/a><\/p>\n<p>&nbsp;<\/p>\n<p><strong>Dokumenty, informace<\/strong><br \/>\n<a href=\"http:\/\/www.cuscz.cz\/sluzby-servis\/moderni-sportovni-klub.html\" target=\"_blank\" rel=\"noopener\">Modern\u00ed sportovn\u00ed klub<\/a><\/p>\n<ul>\n<li>Poradce pro dobrovoln\u00edky p\u016fsob\u00edc\u00ed ve sportu<\/li>\n<\/ul>\n<p><a href=\"http:\/\/www.cuscz.cz\/sluzby-servis\/osa-intergram.html\" target=\"_blank\" rel=\"noopener\">OSA, Intergram<\/a><\/p>\n<ul>\n<li>Kolektivn\u00ed smlouvy s ochrann\u00fdmi svazy autorsk\u00fdmi<\/li>\n<\/ul>\n<p><a href=\"http:\/\/www.cuscz.cz\/sluzby-servis\/pojisteni.html\" target=\"_blank\" rel=\"noopener\">Poji\u0161t\u011bn\u00ed<\/a><\/p>\n<ul>\n<li>Kolektivn\u00ed nebo r\u00e1mcov\u00e9 smlouvy<\/li>\n<\/ul>\n<p><a href=\"http:\/\/www.cuscz.cz\/sluzby-servis\/legislativni-poradna-informace-vzory.html\" target=\"_blank\" rel=\"noopener\">Legislativn\u00ed poradna, informace, vzory<\/a><\/p>\n<ul>\n<li>Nov\u00fd Ob\u010dansk\u00fd z\u00e1kon\u00edk, Zalo\u017een\u00ed a z\u00e1nik SK\/TJ, Stanovy SK\/TJ &#8211; vzory, Pracovn\u00ed pr\u00e1vo, Zm\u011bny pr\u00e1vn\u00edch povinnost\u00ed o.s., Trval\u00e9 u\u017e\u00edv\u00e1n\u00ed, Vzory a vzorov\u00e9 postupy, Ochranan osobn\u00edch \u00fadaj\u016f, Vl\u00e1dn\u00ed dokumenty, Z\u00e1sady poskytov\u00e1n\u00ed pr\u00e1vn\u00edch slu\u017eeb<\/li>\n<\/ul>\n<p><a href=\"http:\/\/www.cuscz.cz\/sluzby-servis\/ekonomicke-vykazy.html\" target=\"_blank\" rel=\"noopener\">Ekonomick\u00e9 informace<\/a><\/p>\n<ul>\n<li>V\u00fdkaz o majetku, V\u00fdkaz p\u0159\u00edjm\u016f a v\u00fddaj\u016f vypl\u0148uj\u00ed SK\/TJ po p\u0159ihl\u00e1\u0161en\u00ed<br \/>\nv Informa\u010dn\u00edm syst\u00e9mu \u010cUS<\/li>\n<\/ul>\n<p><strong>Software, Formul\u00e1\u0159e<\/strong><br \/>\n<a href=\"https:\/\/iscus.cz\/\" target=\"_blank\" rel=\"noopener\">Informa\u010dn\u00ed syst\u00e9m \u010cUS<\/a><\/p>\n<ul>\n<li>Online evidence \u010dlensk\u00e9 z\u00e1kladny &#8211; Pouze pro sportovn\u00ed kluby, \u010dleny CHSU<\/li>\n<\/ul>\n<p><a href=\"http:\/\/www.cuscz.cz\/sluzby-servis\/microsoft-select.html\" target=\"_blank\" rel=\"noopener\">Microsoft Select<\/a><\/p>\n<ul>\n<li>Postup n\u00e1kupu softwaru firmy Microsoft v r\u00e1mci licence Microsoft Select<\/li>\n<\/ul>\n<p>[\/vc_column_text][\/vc_column][\/vc_row]<\/p>\n","protected":false},"excerpt":{"rendered":"<p>[vc_row 0=&#8220;&#8220;][vc_column width=&#8220;1\/2&#8243;][vc_column_text 0=&#8220;&#8220;]Archiv Novinek Zde Sportovn\u00ed centrum Nymburk Sportovn\u00ed a firemn\u00ed pobyty Vy\u0161\u0161\u00ed odborn\u00e1 \u0161kola \u010cesk\u00e9 unie sportu s.r.o. vos-cus.cz &nbsp; Dotace NSA agenturasport.cz Dotace<span class=\"excerpt-hellip\"> [\u2026]<\/span><\/p>\n","protected":false},"author":1,"featured_media":0,"parent":0,"menu_order":0,"comment_status":"closed","ping_status":"closed","template":"","meta":[],"_links":{"self":[{"href":"http:\/\/chomutov.cuscz.cz\/index.php?rest_route=\/wp\/v2\/pages\/50"}],"collection":[{"href":"http:\/\/chomutov.cuscz.cz\/index.php?rest_route=\/wp\/v2\/pages"}],"about":[{"href":"http:\/\/chomutov.cuscz.cz\/index.php?rest_route=\/wp\/v2\/types\/page"}],"author":[{"embeddable":true,"href":"http:\/\/chomutov.cuscz.cz\/index.php?rest_route=\/wp\/v2\/users\/1"}],"replies":[{"embeddable":true,"href":"http:\/\/chomutov.cuscz.cz\/index.php?rest_route=%2Fwp%2Fv2%2Fcomments&post=50"}],"version-history":[{"count":66,"href":"http:\/\/chomutov.cuscz.cz\/index.php?rest_route=\/wp\/v2\/pages\/50\/revisions"}],"predecessor-version":[{"id":605,"href":"http:\/\/chomutov.cuscz.cz\/index.php?rest_route=\/wp\/v2\/pages\/50\/revisions\/605"}],"wp:attachment":[{"href":"http:\/\/chomutov.cuscz.cz\/index.php?rest_route=%2Fwp%2Fv2%2Fmedia&parent=50"}],"curies":[{"name":"wp","href":"https:\/\/api.w.org\/{rel}","templated":true}]}}