{"id":57,"date":"2017-11-17T10:03:35","date_gmt":"2017-11-17T10:03:35","guid":{"rendered":"http:\/\/cus.kufik.org\/?page_id=57"},"modified":"2025-02-12T12:27:33","modified_gmt":"2025-02-12T12:27:33","slug":"o-nas","status":"publish","type":"page","link":"http:\/\/chomutov.cuscz.cz\/?page_id=57","title":{"rendered":"O n\u00e1s"},"content":{"rendered":"<p>[vc_row 0=&#8220;&#8220;][vc_column 0=&#8220;&#8220;][vc_column_text 0=&#8220;&#8220;]<strong>Chomutovsk\u00e1 sportovn\u00ed unie<\/strong> je dobrovoln\u00fdm sdru\u017een\u00edm SK a TJ se s\u00eddlem na \u00fazem\u00ed okresu Chomutov. Pln\u00ed roli Servisn\u00edho centra sportu <strong>\u010cUS<\/strong>. Zaji\u0161\u0165uje odborn\u00fd servis a vytv\u00e1\u0159\u00ed pot\u0159ebn\u00e9 podm\u00ednky pro SK a TJ a okresn\u00ed sportovn\u00ed svazy, kter\u00e9 v okrese organizuj\u00ed z\u00e1kladn\u00ed sportovn\u00ed sout\u011b\u017ee pro ml\u00e1de\u017e a dosp\u011bl\u00e9. Poskytuje poradenstv\u00ed a servis v ekonomick\u00fdch a ostatn\u00edch \u010dinnostech SK a TJ &#8211; \u00fa\u010detnictv\u00ed, legislativa, \u017e\u00e1dosti a vy\u00fa\u010dtov\u00e1n\u00ed st\u00e1tn\u00edch prost\u0159edk\u016f z vybran\u00fdch program\u016f <strong>NSA<\/strong>.<\/p>\n<p><strong>Nejvy\u0161\u0161\u00edm org\u00e1nem je valn\u00e1 hromada, kter\u00e1 se sch\u00e1z\u00ed jednou ro\u010dn\u011b.<\/strong><br \/>\n<strong>Rozhoduje o v\u0161ech kl\u00ed\u010dov\u00fdch ot\u00e1zk\u00e1ch t\u00fdkaj\u00edc\u00edch se region\u00e1ln\u00edho sdru\u017een\u00ed jako je:<\/strong><\/p>\n<ul>\n<li>rozd\u011blov\u00e1n\u00ed finan\u010dn\u00edch zdroj\u016f<\/li>\n<li>administrace finan\u010dn\u00edch p\u0159\u00edsp\u011bvk\u016f, \u00dadr\u017eba a provoz sportovn\u00edch za\u0159\u00edzen\u00ed, Projekty pro sportov\u00e1n\u00ed ve\u0159ejnosti &#8211; Sportuj s n\u00e1mi, Sportovn\u00ed hry senior\u016f<\/li>\n<li>vol\u00ed v\u00fdkonn\u00fd v\u00fdbor, na kter\u00fd p\u0159en\u00e1\u0161\u00ed sv\u00e9 pravomoce v obdob\u00ed mezi valn\u00fdmi hromadami.<\/li>\n<\/ul>\n<p>[\/vc_column_text][\/vc_column][\/vc_row][vc_row 0=&#8220;&#8220;][vc_column width=&#8220;1\/2&#8243;][vc_column_text 0=&#8220;&#8220;][\/vc_column_text][vc_row_inner 0=&#8220;&#8220;][vc_column_inner width=&#8220;1\/2&#8243;][vc_column_text 0=&#8220;&#8220;][\/vc_column_text][\/vc_column_inner][vc_column_inner width=&#8220;1\/2&#8243;][vc_column_text 0=&#8220;&#8220;][\/vc_column_text][\/vc_column_inner][\/vc_row_inner][\/vc_column][vc_column width=&#8220;1\/2&#8243;][vc_column_text 0=&#8220;&#8220;][\/vc_column_text][vc_row_inner 0=&#8220;&#8220;][vc_column_inner width=&#8220;1\/2&#8243;][vc_column_text 0=&#8220;&#8220;][\/vc_column_text][\/vc_column_inner][vc_column_inner width=&#8220;1\/2&#8243;][vc_column_text 0=&#8220;&#8220;][\/vc_column_text][\/vc_column_inner][\/vc_row_inner][\/vc_column][\/vc_row]<\/p>\n","protected":false},"excerpt":{"rendered":"<p>[vc_row 0=&#8220;&#8220;][vc_column 0=&#8220;&#8220;][vc_column_text 0=&#8220;&#8220;]Chomutovsk\u00e1 sportovn\u00ed unie je dobrovoln\u00fdm sdru\u017een\u00edm SK a TJ se s\u00eddlem na \u00fazem\u00ed okresu Chomutov. Pln\u00ed roli Servisn\u00edho centra sportu \u010cUS. Zaji\u0161\u0165uje odborn\u00fd<span class=\"excerpt-hellip\"> [\u2026]<\/span><\/p>\n","protected":false},"author":1,"featured_media":0,"parent":0,"menu_order":0,"comment_status":"closed","ping_status":"closed","template":"","meta":[],"_links":{"self":[{"href":"http:\/\/chomutov.cuscz.cz\/index.php?rest_route=\/wp\/v2\/pages\/57"}],"collection":[{"href":"http:\/\/chomutov.cuscz.cz\/index.php?rest_route=\/wp\/v2\/pages"}],"about":[{"href":"http:\/\/chomutov.cuscz.cz\/index.php?rest_route=\/wp\/v2\/types\/page"}],"author":[{"embeddable":true,"href":"http:\/\/chomutov.cuscz.cz\/index.php?rest_route=\/wp\/v2\/users\/1"}],"replies":[{"embeddable":true,"href":"http:\/\/chomutov.cuscz.cz\/index.php?rest_route=%2Fwp%2Fv2%2Fcomments&post=57"}],"version-history":[{"count":19,"href":"http:\/\/chomutov.cuscz.cz\/index.php?rest_route=\/wp\/v2\/pages\/57\/revisions"}],"predecessor-version":[{"id":680,"href":"http:\/\/chomutov.cuscz.cz\/index.php?rest_route=\/wp\/v2\/pages\/57\/revisions\/680"}],"wp:attachment":[{"href":"http:\/\/chomutov.cuscz.cz\/index.php?rest_route=%2Fwp%2Fv2%2Fmedia&parent=57"}],"curies":[{"name":"wp","href":"https:\/\/api.w.org\/{rel}","templated":true}]}}