{"id":63,"date":"2017-11-17T10:10:42","date_gmt":"2017-11-17T10:10:42","guid":{"rendered":"http:\/\/cus.kufik.org\/?page_id=63"},"modified":"2026-03-30T10:20:54","modified_gmt":"2026-03-30T10:20:54","slug":"program","status":"publish","type":"page","link":"http:\/\/chomutov.cuscz.cz\/?page_id=63","title":{"rendered":"Program"},"content":{"rendered":"<p>[vc_row][vc_column width=&#8220;1\/2&#8243;][vc_column_text css_animation=&#8220;bounceIn&#8220;]<\/p>\n<h4><\/h4>\n<p><strong>Pr\u016fb\u011b\u017en\u011b!<\/strong><br \/>\nAktualizovat \u00fadaje SK\/TJ v <a href=\"https:\/\/iscus.cz\/login\" target=\"_blank\" rel=\"noopener\">Informa\u010dn\u00edm syst\u00e9mu \u010cUS.<\/a><br \/>\n(\u010dlensk\u00e1 z\u00e1kladna, klubov\u00e9 p\u0159\u00edsp\u011bvky, odd\u00edly, funkcion\u00e1\u0159i, pasport sportovn\u00edch za\u0159\u00edzen\u00ed)<\/p>\n<p><strong>Do 31.05.2026<\/strong><br \/>\nVyplnit v\u00fdkazy v <a href=\"https:\/\/iscus.cz\/login\" target=\"_blank\" rel=\"noopener\">Informa\u010dn\u00edm syst\u00e9mu \u010cUS<\/a>;<br \/>\nV\u00fdkaz o majetku, V\u00fdkaz p\u0159\u00edjm\u016f a v\u00fddaj\u016f za rok 2025<\/p>\n<p><strong>Do 31.03.2026<\/strong><br \/>\nZaplatit ro\u010dn\u00ed \u010dlensk\u00fd p\u0159\u00edsp\u011bvek za SK\/TJ[\/vc_column_text][\/vc_column][vc_column width=&#8220;1\/2&#8243;][vc_column_text css_animation=&#8220;bounceIn&#8220;]<\/p>\n<h4>Prob\u011bhl\u00e9 akce<\/h4>\n<p><strong>16.12.2025<\/strong><br \/>\nValn\u00e1 hromada,\u00a017:00 hodin,\u00a0Chomutovsk\u00e1 knihovna, Palack\u00e9ho 4995, Chomutov[\/vc_column_text][\/vc_column][\/vc_row][vc_row][vc_column][vc_column_text css_animation=&#8220;bounceIn&#8220;]<\/p>\n<h4>Dotace M\u016fj klub (NSA) za rok 2025:<\/h4>\n<p>Term\u00edn vy\u00fa\u010dtov\u00e1n\u00ed a finan\u010dn\u00edho vypo\u0159\u00e1d\u00e1n\u00ed <strong>15.02.2026<\/strong>.[\/vc_column_text][\/vc_column][\/vc_row]<\/p>\n","protected":false},"excerpt":{"rendered":"<p>[vc_row][vc_column width=&#8220;1\/2&#8243;][vc_column_text css_animation=&#8220;bounceIn&#8220;] Pr\u016fb\u011b\u017en\u011b! Aktualizovat \u00fadaje SK\/TJ v Informa\u010dn\u00edm syst\u00e9mu \u010cUS. (\u010dlensk\u00e1 z\u00e1kladna, klubov\u00e9 p\u0159\u00edsp\u011bvky, odd\u00edly, funkcion\u00e1\u0159i, pasport sportovn\u00edch za\u0159\u00edzen\u00ed) Do 31.05.2026 Vyplnit v\u00fdkazy v Informa\u010dn\u00edm<span class=\"excerpt-hellip\"> [\u2026]<\/span><\/p>\n","protected":false},"author":1,"featured_media":0,"parent":0,"menu_order":0,"comment_status":"closed","ping_status":"closed","template":"","meta":[],"_links":{"self":[{"href":"http:\/\/chomutov.cuscz.cz\/index.php?rest_route=\/wp\/v2\/pages\/63"}],"collection":[{"href":"http:\/\/chomutov.cuscz.cz\/index.php?rest_route=\/wp\/v2\/pages"}],"about":[{"href":"http:\/\/chomutov.cuscz.cz\/index.php?rest_route=\/wp\/v2\/types\/page"}],"author":[{"embeddable":true,"href":"http:\/\/chomutov.cuscz.cz\/index.php?rest_route=\/wp\/v2\/users\/1"}],"replies":[{"embeddable":true,"href":"http:\/\/chomutov.cuscz.cz\/index.php?rest_route=%2Fwp%2Fv2%2Fcomments&post=63"}],"version-history":[{"count":80,"href":"http:\/\/chomutov.cuscz.cz\/index.php?rest_route=\/wp\/v2\/pages\/63\/revisions"}],"predecessor-version":[{"id":753,"href":"http:\/\/chomutov.cuscz.cz\/index.php?rest_route=\/wp\/v2\/pages\/63\/revisions\/753"}],"wp:attachment":[{"href":"http:\/\/chomutov.cuscz.cz\/index.php?rest_route=%2Fwp%2Fv2%2Fmedia&parent=63"}],"curies":[{"name":"wp","href":"https:\/\/api.w.org\/{rel}","templated":true}]}}