{"id":69,"date":"2017-11-17T14:02:32","date_gmt":"2017-11-17T14:02:32","guid":{"rendered":"http:\/\/cus.kufik.org\/?page_id=69"},"modified":"2026-03-24T12:49:35","modified_gmt":"2026-03-24T12:49:35","slug":"sportovni-akce","status":"publish","type":"page","link":"http:\/\/chomutov.cuscz.cz\/?page_id=69","title":{"rendered":"Sportovn\u00ed akce"},"content":{"rendered":"<p>[vc_row 0=&#8220;&#8220;][vc_column width=&#8220;1\/3&#8243;][vc_column_text css_animation=&#8220;bounceIn&#8220;]9.2.2026<br \/>\n<strong>Sportovec Chomutovska<br \/>\n<\/strong><a href=\"https:\/\/www.youtube.com\/watch?v=Ms_10E_oUSI&amp;list=PL2qfoF4QNhuVHe2cK4B0_beOv2EsJOcyZ&amp;index=25\" target=\"_blank\" rel=\"noopener\">Video 2025<\/a><strong><br \/>\n<\/strong><a href=\"https:\/\/eu.zonerama.com\/RTUSTECKO\/Album\/14705956\" target=\"_blank\" rel=\"noopener\">Foto 2025<\/a><br \/>\n<a href=\"https:\/\/chomutov.cuscz.cz\/wp-content\/uploads\/2026\/02\/web_sportovec_chomutovska_2025.pdf\" target=\"_blank\" rel=\"noopener\">V\u00fdsledky 2025<\/a><\/p>\n<p><a href=\"https:\/\/www.youtube.com\/watch?v=N5RNoEgGEfw\" target=\"_blank\" rel=\"noopener\">Video 2024<\/a><br \/>\n<a href=\"https:\/\/eu.zonerama.com\/SportovecrokuUsteckykraj\/Album\/12858543\" target=\"_blank\" rel=\"noopener\">Foto 2024<\/a><br \/>\n<a href=\"https:\/\/chomutov.cuscz.cz\/wp-content\/uploads\/2025\/02\/sportovec_chomutovska_2024_vysledky.pdf\" target=\"_blank\" rel=\"noopener\">V\u00fdsledky 2024<\/a><\/p>\n<p><a href=\"https:\/\/www.youtube.com\/watch?v=JkZwtwsDH-g\" target=\"_blank\" rel=\"noopener\">Video 2023<\/a><br \/>\n<a href=\"https:\/\/drive.google.com\/drive\/folders\/1k--KtjVLsLivdiy-xe0XI38ygDc4gxYk?usp=sharing\" target=\"_blank\" rel=\"noopener\">Foto 2023 &#8211; Standa Kr\u00e1l<\/a><\/p>\n<p>&nbsp;<\/p>\n<p>&nbsp;[\/vc_column_text][\/vc_column][vc_column width=&#8220;1\/3&#8243;][vc_column_text 0=&#8220;&#8220;]16.3.2026<br \/>\n<strong>Sportovec \u00dasteck\u00e9ho kraje<br \/>\n<\/strong><a href=\"https:\/\/www.youtube.com\/watch?v=ldrCWI1ggao\" target=\"_blank\" rel=\"noopener\">Video 2025<\/a><br \/>\n<a href=\"https:\/\/eu.zonerama.com\/RTUSTECKO\/Album\/14922485\" target=\"_blank\" rel=\"noopener\">Foto 2025<\/a><br \/>\n<a href=\"https:\/\/usk-cus.webnode.cz\/news\/vyhlaseni-nejuspesnejsich-sportovcu-kraje-za-rok-2025\/\" target=\"_blank\" rel=\"noopener\">V\u00fdsledky 2025<\/a><\/p>\n<p><a href=\"https:\/\/www.youtube.com\/watch?v=4WfLIW3VNsE\" target=\"_blank\" rel=\"noopener\">Video 2024<\/a><br \/>\n<a href=\"https:\/\/eu.zonerama.com\/SportovecrokuUsteckykraj\/Album\/13014328\" target=\"_blank\" rel=\"noopener\">Foto 2024<\/a><br \/>\n<a href=\"https:\/\/usk-cus.webnode.cz\/news\/nejuspesnejsim-sportovcem-usteckeho-kraje-je-michal-cupr\/\" target=\"_blank\" rel=\"noopener\">V\u00fdsledky 2024<\/a>[\/vc_column_text][\/vc_column][vc_column width=&#8220;1\/3&#8243;][vc_column_text css_animation=&#8220;bounceIn&#8220;]<strong><br \/>\n\u010cUS S<\/strong><strong>portuj s n\u00e1mi<\/strong><br \/>\n<a href=\"http:\/\/www.cus-sportujsnami.cz\/\" target=\"_blank\" rel=\"noopener\">Kalend\u00e1\u0159 akc\u00ed<br \/>\n<\/a><a href=\"https:\/\/www.youtube.com\/watch?v=Ad2kUf6MT60&amp;t=14s\" target=\"_blank\" rel=\"noopener\">Video k projektu<\/a><\/p>\n<p><strong>Tip: Kam za s<\/strong><strong>portem<br \/>\n<\/strong><a href=\"https:\/\/www.sportmap.cz\/\" target=\"_blank\" rel=\"noopener\">Kalend\u00e1\u0159 akc\u00ed<br \/>\n<\/a><strong><br \/>\n<\/strong>[\/vc_column_text][\/vc_column][\/vc_row]<\/p>\n","protected":false},"excerpt":{"rendered":"<p>[vc_row 0=&#8220;&#8220;][vc_column width=&#8220;1\/3&#8243;][vc_column_text css_animation=&#8220;bounceIn&#8220;]9.2.2026 Sportovec Chomutovska Video 2025 Foto 2025 V\u00fdsledky 2025 Video 2024 Foto 2024 V\u00fdsledky 2024 Video 2023 Foto 2023 &#8211; Standa Kr\u00e1l &nbsp;<span class=\"excerpt-hellip\"> [\u2026]<\/span><\/p>\n","protected":false},"author":1,"featured_media":0,"parent":0,"menu_order":0,"comment_status":"closed","ping_status":"closed","template":"","meta":[],"_links":{"self":[{"href":"http:\/\/chomutov.cuscz.cz\/index.php?rest_route=\/wp\/v2\/pages\/69"}],"collection":[{"href":"http:\/\/chomutov.cuscz.cz\/index.php?rest_route=\/wp\/v2\/pages"}],"about":[{"href":"http:\/\/chomutov.cuscz.cz\/index.php?rest_route=\/wp\/v2\/types\/page"}],"author":[{"embeddable":true,"href":"http:\/\/chomutov.cuscz.cz\/index.php?rest_route=\/wp\/v2\/users\/1"}],"replies":[{"embeddable":true,"href":"http:\/\/chomutov.cuscz.cz\/index.php?rest_route=%2Fwp%2Fv2%2Fcomments&post=69"}],"version-history":[{"count":84,"href":"http:\/\/chomutov.cuscz.cz\/index.php?rest_route=\/wp\/v2\/pages\/69\/revisions"}],"predecessor-version":[{"id":751,"href":"http:\/\/chomutov.cuscz.cz\/index.php?rest_route=\/wp\/v2\/pages\/69\/revisions\/751"}],"wp:attachment":[{"href":"http:\/\/chomutov.cuscz.cz\/index.php?rest_route=%2Fwp%2Fv2%2Fmedia&parent=69"}],"curies":[{"name":"wp","href":"https:\/\/api.w.org\/{rel}","templated":true}]}}